{"id":137,"date":"2020-03-13T12:22:13","date_gmt":"2020-03-13T12:22:13","guid":{"rendered":"http:\/\/vet-heidemann.de.egger-egger.de\/?page_id=137"},"modified":"2021-05-07T06:11:28","modified_gmt":"2021-05-07T06:11:28","slug":"kostenlose-beratung","status":"publish","type":"page","link":"https:\/\/vet-heidemann.de\/?page_id=137","title":{"rendered":"Pers\u00f6nliche Beratung"},"content":{"rendered":"\n<h3 class=\"wp-block-heading\">Bei Ihnen Zuhause oder im Betrieb<\/h3>\n\n\n\n<p>Sie interessieren sich f\u00fcr ein modernes Gesundheitsmanagement in Ihrem Betrieb oder m\u00f6chten einfach nur die Gesundheit Ihres Tieres f\u00f6rdern?<br><br>Gerne vereinbare ich mit Ihnen einen pers\u00f6nlichen Beratungstermin, in dem ich Ihnen moderne Konzepte der g\u00e4ngigen Routinebehandlungen Entwurmen und Impfen vorstelle und alle Ihre Fragen dazu beantworte.<br><br>Nat\u00fcrlich halte ich auch gerne einen <strong>Vortrag vor Ihren Einstellern<\/strong>, da eine Umstellung Ihrer Stallroutine auch eine gemeinsame Entscheidung aller Tierbesitzer sein sollte.<\/p>\n\n\n\n<p><a href=\"http:\/\/vet-heidemann.de.egger-egger.de\/?page_id=36\">Kontaktieren Sie unsere Praxis f\u00fcr einen unverbindlichen Termin!<\/a><\/p>\n","protected":false},"excerpt":{"rendered":"<p>Bei Ihnen Zuhause oder im Betrieb Sie interessieren sich f\u00fcr ein modernes Gesundheitsmanagement in Ihrem Betrieb oder m\u00f6chten einfach nur die Gesundheit Ihres Tieres f\u00f6rdern? Gerne vereinbare ich mit Ihnen einen pers\u00f6nlichen Beratungstermin, in dem ich Ihnen moderne Konzepte der g\u00e4ngigen Routinebehandlungen Entwurmen und Impfen vorstelle und alle Ihre Fragen dazu beantworte. Nat\u00fcrlich halte ich [&hellip;]<\/p>\n","protected":false},"author":1,"featured_media":344,"parent":0,"menu_order":0,"comment_status":"closed","ping_status":"closed","template":"","meta":{"footnotes":""},"class_list":["post-137","page","type-page","status-publish","has-post-thumbnail","hentry"],"_links":{"self":[{"href":"https:\/\/vet-heidemann.de\/index.php?rest_route=\/wp\/v2\/pages\/137","targetHints":{"allow":["GET"]}}],"collection":[{"href":"https:\/\/vet-heidemann.de\/index.php?rest_route=\/wp\/v2\/pages"}],"about":[{"href":"https:\/\/vet-heidemann.de\/index.php?rest_route=\/wp\/v2\/types\/page"}],"author":[{"embeddable":true,"href":"https:\/\/vet-heidemann.de\/index.php?rest_route=\/wp\/v2\/users\/1"}],"replies":[{"embeddable":true,"href":"https:\/\/vet-heidemann.de\/index.php?rest_route=%2Fwp%2Fv2%2Fcomments&post=137"}],"version-history":[{"count":7,"href":"https:\/\/vet-heidemann.de\/index.php?rest_route=\/wp\/v2\/pages\/137\/revisions"}],"predecessor-version":[{"id":576,"href":"https:\/\/vet-heidemann.de\/index.php?rest_route=\/wp\/v2\/pages\/137\/revisions\/576"}],"wp:featuredmedia":[{"embeddable":true,"href":"https:\/\/vet-heidemann.de\/index.php?rest_route=\/wp\/v2\/media\/344"}],"wp:attachment":[{"href":"https:\/\/vet-heidemann.de\/index.php?rest_route=%2Fwp%2Fv2%2Fmedia&parent=137"}],"curies":[{"name":"wp","href":"https:\/\/api.w.org\/{rel}","templated":true}]}}