{"id":142,"date":"2020-03-16T11:31:53","date_gmt":"2020-03-16T11:31:53","guid":{"rendered":"http:\/\/vet-heidemann.de.egger-egger.de\/?page_id=142"},"modified":"2024-01-19T06:28:30","modified_gmt":"2024-01-19T06:28:30","slug":"lama-alpaka","status":"publish","type":"page","link":"https:\/\/vet-heidemann.de\/?page_id=142","title":{"rendered":"Lama &#038; Alpaka &#8211; Neuweltkameliden"},"content":{"rendered":"\n<p>Von den in S\u00fcdamerika lebende Arten der Neuweltkameliden (Lamas, Guanakos, Vikunjas und Alpakas)  bereichern bei uns vor allem die domestizierten Lamas und Alpakas das Landschaftsbild: Sei es in der Hobbyhaltung oder in landwirtschaftlichen Betrieben. <br><em>Parasit\u00e4re Erkrankungen sorgen dabei f\u00fcr erhebliche Probleme.<\/em> <br>Bei der Diagnostik, Therapie und dem erforderliche Management gibt es einige, wesentliche Dinge zu beachten: <strong>Da es keine Antiparasitika gibt, die eigens f\u00fcr Kameliden zugelassen sind, muss man geeignete Medikamente verwenden, die normalerweise bei anderen Arten verwendet werden. Die Dosierung, Verabreichung und evtl. notwendige Wiederholungsbehandlungen m\u00fcssen entsprechend angepasst werden:<\/strong> So wirken die Wirkstoffe gegen Peitschenw\u00fcrmer nicht ausreichend gegen die Larvenstadien, eine Wiederholung der Behandlung ist daher nach einem bestimmten Intervall zwingend erforderlich.<\/p>\n\n\n\n<h2 class=\"wp-block-heading\"><span style=\"background-color:rgba(0, 0, 0, 0)\" class=\"has-inline-color has-luminous-vivid-amber-color\">Hier eine kurze \u00dcbersicht \u00fcber die Parasiten der Neuweltkameliden  und ihre Besonderheiten:<\/span><\/h2>\n\n\n\n<ul class=\"wp-block-list\">\n<li><strong>Einzeller: <\/strong>Neben selten vorkommenden Kryptosporiden und Giardien, sind vor Allem diverse <em>Eimerien<\/em>-Arten von Bedeutung. Diese kommen nur bei Kameliden vor und sorgen vor allem bei Jungtieren f\u00fcr Krankheitserscheinungen. Erwachsene Tiere sind oft symptomlose Tr\u00e4ger und Ausscheider, daher sollten unbedingt zugekaufte Tiere untersucht werden. <\/li>\n\n\n\n<li><strong>Fadenw\u00fcrmer:<\/strong> Magen-Darm-Strongyliden k\u00f6nnen im Magen, D\u00fcnn- oder Dickdarm parasitieren. Dabei spielen auch Arten, die bei Haus- und Wildwiederk\u00e4uern vorkommen eine Rolle. Die Symptome sind unterschiedlich: Die Tiere k\u00f6nnen abgemagert sein, schlecht fressen, k\u00fcmmern, haben ein stumpfes Fell und haben ggf. Durchfall. Die W\u00fcrmer haben eine Besonderheit: Ein Larvenstadium kann \u00fcber mehrere Monate in der Darmschleimhaut regelrecht \u00fcberwintern. Dabei zeigen sich keine Symptome und sie sind auch nicht f\u00fcr Behandlungen in dieser Zeit empf\u00e4nglich. Wenn sie dann im Fr\u00fchjahr wieder aktiv werden, kann es wieder zu Krankheitserscheinungen kommen. Die Infekti\u00f6sen Stadien (Larve3) ist sehr widerstandsf\u00e4hig und kann sogar auf der Weide \u00fcberwintern, sodass sich die Tiere im n\u00e4chsten Jahr erneut anstecken k\u00f6nnen.<\/li>\n\n\n\n<li><strong>Peitschenw\u00fcrmer:<\/strong> Die infekti\u00f6sen Larven werden im Ei \u00fcbertragen. Durch diese Umh\u00fcllung sind sie in der Umwelt sehr lange lebensf\u00e4hig. Bis zu 5 Jahre lang k\u00f6nnen sie auf feuchten Stellen an den Weiden , Paddocks oder Tr\u00e4nkepl\u00e4tzen \u00fcberleben. Bei starkem Befall kommt es beim Wirt zu blutigem Durchfall, Abmagern, K\u00fcmmern, \u00d6demen und Blutarmut.<\/li>\n\n\n\n<li><strong>Bandw\u00fcrmer:<\/strong> Diese werden durch Moosgrasmilben \u00fcbertragen, machen nur selten Krankheitssymptome, dann aber kann es zu einem t\u00f6dlichen Darmverschluss oder sehr schweren Durchf\u00e4llen bei Jungtieren kommen.<\/li>\n\n\n\n<li><strong>Leberegel:<\/strong> Der kleine Leberegel wird durch die Aufnahme von Ameisen, die als Zwischenwirt dienen, \u00fcbertragen. Der Gro\u00dfe Leberegel durch die Aufnahme von Zwergschlammschnecken als Zwischenwirt. Hier besteht also bei feuchten Weiden, in der N\u00e4he von Bachl\u00e4ufen oder Entw\u00e4sserungsgr\u00e4ben Grund zu erh\u00f6hter Wachsamkeit. Die Krankheitssymptome sind reichen von verminderter Lebhaftigkeit, bis hin zu Appetitlosigkeit mit Abmagerung, Blutarmut, Kurzatmigkeit bis hin zur Bauchfellentz\u00fcndung, Leberproblemen und Todesf\u00e4llen.<\/li>\n\n\n\n<li><strong>Lungenw\u00fcrmer:<\/strong> Diese befallen die Lunge und f\u00fchren zu Kurzatmigkeit, Nasenausfluss oder Husten. Zum Gl\u00fcck werden sie in Deutschland nur selten gefunden.<\/li>\n<\/ul>\n\n\n\n<h2 class=\"wp-block-heading\"><span style=\"background-color:rgba(0, 0, 0, 0)\" class=\"has-inline-color has-luminous-vivid-amber-color\">Behandlungskonzept<\/span><\/h2>\n\n\n\n<p>Ich empfehle erst einmal die <strong>Erhebung des aktuellen Wurmstatus<\/strong> und nachfolgend eine <strong>zielgerichtete Behandlung mit Erfolgskontrolle<\/strong> durch eine Folgeuntersuchung. Des Weiteren sollte man dann ein <strong>Hygienekonzept<\/strong> entwickeln, das sich an den Bedingungen vor Ort orientiert. Dies sollte man dann auch vor Ort erl\u00e4utern und besprechen.<\/p>\n\n\n\n<figure class=\"wp-block-image size-large\"><img loading=\"lazy\" decoding=\"async\" width=\"1024\" height=\"768\" src=\"http:\/\/vet-heidemann.de.egger-egger.de\/wp-content\/uploads\/2020\/05\/Marquart-Heidemann-1024x768.jpg\" alt=\"\" class=\"wp-image-236\" srcset=\"https:\/\/vet-heidemann.de\/wp-content\/uploads\/2020\/05\/Marquart-Heidemann-1024x768.jpg 1024w, https:\/\/vet-heidemann.de\/wp-content\/uploads\/2020\/05\/Marquart-Heidemann-300x225.jpg 300w, https:\/\/vet-heidemann.de\/wp-content\/uploads\/2020\/05\/Marquart-Heidemann-768x576.jpg 768w, https:\/\/vet-heidemann.de\/wp-content\/uploads\/2020\/05\/Marquart-Heidemann-80x60.jpg 80w, https:\/\/vet-heidemann.de\/wp-content\/uploads\/2020\/05\/Marquart-Heidemann-640x480.jpg 640w, https:\/\/vet-heidemann.de\/wp-content\/uploads\/2020\/05\/Marquart-Heidemann-110x83.jpg 110w, https:\/\/vet-heidemann.de\/wp-content\/uploads\/2020\/05\/Marquart-Heidemann.jpg 1200w\" sizes=\"auto, (max-width: 1024px) 100vw, 1024px\" \/><\/figure>\n","protected":false},"excerpt":{"rendered":"<p>Von den in S\u00fcdamerika lebende Arten der Neuweltkameliden (Lamas, Guanakos, Vikunjas und Alpakas) bereichern bei uns vor allem die domestizierten Lamas und Alpakas das Landschaftsbild: Sei es in der Hobbyhaltung oder in landwirtschaftlichen Betrieben. Parasit\u00e4re Erkrankungen sorgen dabei f\u00fcr erhebliche Probleme. Bei der Diagnostik, Therapie und dem erforderliche Management gibt es einige, wesentliche Dinge zu [&hellip;]<\/p>\n","protected":false},"author":1,"featured_media":0,"parent":0,"menu_order":0,"comment_status":"closed","ping_status":"closed","template":"","meta":{"footnotes":""},"class_list":["post-142","page","type-page","status-publish","hentry"],"_links":{"self":[{"href":"https:\/\/vet-heidemann.de\/index.php?rest_route=\/wp\/v2\/pages\/142","targetHints":{"allow":["GET"]}}],"collection":[{"href":"https:\/\/vet-heidemann.de\/index.php?rest_route=\/wp\/v2\/pages"}],"about":[{"href":"https:\/\/vet-heidemann.de\/index.php?rest_route=\/wp\/v2\/types\/page"}],"author":[{"embeddable":true,"href":"https:\/\/vet-heidemann.de\/index.php?rest_route=\/wp\/v2\/users\/1"}],"replies":[{"embeddable":true,"href":"https:\/\/vet-heidemann.de\/index.php?rest_route=%2Fwp%2Fv2%2Fcomments&post=142"}],"version-history":[{"count":9,"href":"https:\/\/vet-heidemann.de\/index.php?rest_route=\/wp\/v2\/pages\/142\/revisions"}],"predecessor-version":[{"id":653,"href":"https:\/\/vet-heidemann.de\/index.php?rest_route=\/wp\/v2\/pages\/142\/revisions\/653"}],"wp:attachment":[{"href":"https:\/\/vet-heidemann.de\/index.php?rest_route=%2Fwp%2Fv2%2Fmedia&parent=142"}],"curies":[{"name":"wp","href":"https:\/\/api.w.org\/{rel}","templated":true}]}}