{"id":143,"date":"2020-03-16T11:31:53","date_gmt":"2020-03-16T11:31:53","guid":{"rendered":"http:\/\/vet-heidemann.de.egger-egger.de\/?page_id=143"},"modified":"2024-01-19T06:27:29","modified_gmt":"2024-01-19T06:27:29","slug":"rinder-kuehe","status":"publish","type":"page","link":"https:\/\/vet-heidemann.de\/?page_id=143","title":{"rendered":"Rinder &#038; K\u00fche"},"content":{"rendered":"\n<p>Leider war die wirtschaftliche Situation f\u00fcr unserer flei\u00dfigen Landwirte schon einmal besser. Das f\u00fchrt dazu, da\u00df gespart werden muss. Gerne berate Ich Sie bei den notwendigen Ma\u00dfnahmen, die im Bestand (zur Sanierung oder Prophylaxe) sinnvoll sind. Bei Rindern sollte man nicht nur die Endoparasiten (im Inneren der Tiere parasitierenden Stadien) sondern auch an die Ektoparasiten denken: L\u00e4use, Milben und Co. sind nicht nur l\u00e4stig, sondern auch leistungsmindernd.<\/p>\n\n\n\n<p>Dar\u00fcber hinaus biete ich nat\u00fcrlich auch die individuelle Einzeltierbehandlung im Rinderbestand an.<\/p>\n\n\n\n<p><strong>Vom Kalb mit Husten bis zur Kuh in der Geburt k\u00f6nnen Sie auf meine Erfahrung vertrauen.<\/strong> <\/p>\n\n\n\n<p>Eine festliegende Kuh muss auch nicht immer Milchfieber sein: statt Trial and Error-Behandlung biete ich meinen Kunden eine kompetente Diagnostik an: <strong>Im praxiseigenen Labor bestimme ich mit modernen Analyseger\u00e4ten ein Festlieger- oder Gro\u00dftierprofil.<\/strong> Ob Calcium, Phosphor, Ck-Wert, das Ergebnis ist in 10 Minuten da und ich berate Sie, wie man dem Tier am besten helfen kann. Das spart Zeit, Geld und hilft dem Tier schneller wieder auf die Beine!<\/p>\n\n\n\n<p>Ich muss dazu nicht unbedingt vorbei kommen, Sie k\u00f6nnen mir gerne auch eine Blutprobe vorbei bringen, sprechen Sie mich einfach an!<\/p>\n\n\n\n<figure class=\"wp-block-gallery has-nested-images columns-default is-cropped wp-block-gallery-1 is-layout-flex wp-block-gallery-is-layout-flex\">\n<figure class=\"wp-block-image size-large\"><img loading=\"lazy\" decoding=\"async\" width=\"1024\" height=\"683\" data-id=\"393\" src=\"https:\/\/vet-heidemann.de\/wp-content\/uploads\/2020\/05\/Banner_vet-heidemann_5-1024x683.jpg\" alt=\"\" class=\"wp-image-393\" srcset=\"https:\/\/vet-heidemann.de\/wp-content\/uploads\/2020\/05\/Banner_vet-heidemann_5-1024x683.jpg 1024w, https:\/\/vet-heidemann.de\/wp-content\/uploads\/2020\/05\/Banner_vet-heidemann_5-300x200.jpg 300w, https:\/\/vet-heidemann.de\/wp-content\/uploads\/2020\/05\/Banner_vet-heidemann_5-768x512.jpg 768w, https:\/\/vet-heidemann.de\/wp-content\/uploads\/2020\/05\/Banner_vet-heidemann_5-90x60.jpg 90w, https:\/\/vet-heidemann.de\/wp-content\/uploads\/2020\/05\/Banner_vet-heidemann_5-370x247.jpg 370w, https:\/\/vet-heidemann.de\/wp-content\/uploads\/2020\/05\/Banner_vet-heidemann_5-776x517.jpg 776w, https:\/\/vet-heidemann.de\/wp-content\/uploads\/2020\/05\/Banner_vet-heidemann_5.jpg 1400w\" sizes=\"auto, (max-width: 1024px) 100vw, 1024px\" \/><\/figure>\n\n\n\n<figure class=\"wp-block-image size-large\"><img loading=\"lazy\" decoding=\"async\" width=\"1024\" height=\"683\" data-id=\"360\" src=\"https:\/\/vet-heidemann.de\/wp-content\/uploads\/2020\/05\/Banner_vet-heidemann_6-1024x683.jpg\" alt=\"\" class=\"wp-image-360\" srcset=\"https:\/\/vet-heidemann.de\/wp-content\/uploads\/2020\/05\/Banner_vet-heidemann_6-1024x683.jpg 1024w, https:\/\/vet-heidemann.de\/wp-content\/uploads\/2020\/05\/Banner_vet-heidemann_6-300x200.jpg 300w, https:\/\/vet-heidemann.de\/wp-content\/uploads\/2020\/05\/Banner_vet-heidemann_6-768x512.jpg 768w, https:\/\/vet-heidemann.de\/wp-content\/uploads\/2020\/05\/Banner_vet-heidemann_6-90x60.jpg 90w, https:\/\/vet-heidemann.de\/wp-content\/uploads\/2020\/05\/Banner_vet-heidemann_6-370x247.jpg 370w, https:\/\/vet-heidemann.de\/wp-content\/uploads\/2020\/05\/Banner_vet-heidemann_6-776x517.jpg 776w, https:\/\/vet-heidemann.de\/wp-content\/uploads\/2020\/05\/Banner_vet-heidemann_6.jpg 1400w\" sizes=\"auto, (max-width: 1024px) 100vw, 1024px\" \/><\/figure>\n\n\n\n<figure class=\"wp-block-image size-large\"><img loading=\"lazy\" decoding=\"async\" width=\"768\" height=\"1024\" data-id=\"253\" src=\"https:\/\/vet-heidemann.de\/wp-content\/uploads\/2020\/05\/Tierarztpraxis-Heidemann_11-768x1024.jpg\" alt=\"\" class=\"wp-image-253\" srcset=\"https:\/\/vet-heidemann.de\/wp-content\/uploads\/2020\/05\/Tierarztpraxis-Heidemann_11-768x1024.jpg 768w, https:\/\/vet-heidemann.de\/wp-content\/uploads\/2020\/05\/Tierarztpraxis-Heidemann_11-225x300.jpg 225w, https:\/\/vet-heidemann.de\/wp-content\/uploads\/2020\/05\/Tierarztpraxis-Heidemann_11-45x60.jpg 45w, https:\/\/vet-heidemann.de\/wp-content\/uploads\/2020\/05\/Tierarztpraxis-Heidemann_11.jpg 1000w\" sizes=\"auto, (max-width: 768px) 100vw, 768px\" \/><\/figure>\n<\/figure>\n","protected":false},"excerpt":{"rendered":"<p>Leider war die wirtschaftliche Situation f\u00fcr unserer flei\u00dfigen Landwirte schon einmal besser. Das f\u00fchrt dazu, da\u00df gespart werden muss. Gerne berate Ich Sie bei den notwendigen Ma\u00dfnahmen, die im Bestand (zur Sanierung oder Prophylaxe) sinnvoll sind. Bei Rindern sollte man nicht nur die Endoparasiten (im Inneren der Tiere parasitierenden Stadien) sondern auch an die Ektoparasiten [&hellip;]<\/p>\n","protected":false},"author":1,"featured_media":0,"parent":0,"menu_order":0,"comment_status":"closed","ping_status":"closed","template":"","meta":{"footnotes":""},"class_list":["post-143","page","type-page","status-publish","hentry"],"_links":{"self":[{"href":"https:\/\/vet-heidemann.de\/index.php?rest_route=\/wp\/v2\/pages\/143","targetHints":{"allow":["GET"]}}],"collection":[{"href":"https:\/\/vet-heidemann.de\/index.php?rest_route=\/wp\/v2\/pages"}],"about":[{"href":"https:\/\/vet-heidemann.de\/index.php?rest_route=\/wp\/v2\/types\/page"}],"author":[{"embeddable":true,"href":"https:\/\/vet-heidemann.de\/index.php?rest_route=\/wp\/v2\/users\/1"}],"replies":[{"embeddable":true,"href":"https:\/\/vet-heidemann.de\/index.php?rest_route=%2Fwp%2Fv2%2Fcomments&post=143"}],"version-history":[{"count":15,"href":"https:\/\/vet-heidemann.de\/index.php?rest_route=\/wp\/v2\/pages\/143\/revisions"}],"predecessor-version":[{"id":652,"href":"https:\/\/vet-heidemann.de\/index.php?rest_route=\/wp\/v2\/pages\/143\/revisions\/652"}],"wp:attachment":[{"href":"https:\/\/vet-heidemann.de\/index.php?rest_route=%2Fwp%2Fv2%2Fmedia&parent=143"}],"curies":[{"name":"wp","href":"https:\/\/api.w.org\/{rel}","templated":true}]}}