{"id":2,"date":"2016-05-10T03:48:21","date_gmt":"2016-05-10T03:48:21","guid":{"rendered":"http:\/\/vet-heidemann.de.egger-egger.de\/?page_id=2"},"modified":"2025-06-25T14:26:10","modified_gmt":"2025-06-25T14:26:10","slug":"sample-page","status":"publish","type":"page","link":"https:\/\/vet-heidemann.de\/","title":{"rendered":"Herzlich willkommen"},"content":{"rendered":"\n<div class=\"wp-block-media-text has-media-on-the-right is-stacked-on-mobile is-vertically-aligned-top\"><div class=\"wp-block-media-text__content\">\n<p><strong>in der Tierarztpraxis Heidemann!<\/strong><br>In den gro\u00dfz\u00fcgigen Praxisr\u00e4umen in Ormont k\u00fcmmere ich mich nach individueller Terminvereinbarung gerne um Ihre vierbeinigen Lieblinge. Neben der allgemeinen Kleintiersprechstunde bin ich Ihr Ansprechpartner f\u00fcr Kastration und Sterilisation, Zahnsteinbehandlung, Check-up im eigenen Labor sowie Spezialuntersuchungen in Zusammenarbeit mit externen Spezialisten.\u00a0<br>Au\u00dferdem berate ich Sie zu gerne allen Themen rund ums Impfen und vor allem bei der Erstellung eines ganzheitlichen Konzeptes zur selektiven Entwurmung.<br>Marquart Heidemann<\/p>\n<\/div><figure class=\"wp-block-media-text__media\"><img loading=\"lazy\" decoding=\"async\" width=\"683\" height=\"1024\" src=\"https:\/\/vet-heidemann.de\/wp-content\/uploads\/2021\/06\/Marquart-Heidemann-683x1024.jpg\" alt=\"Marquart Heidemann\" class=\"wp-image-586 size-full\" srcset=\"https:\/\/vet-heidemann.de\/wp-content\/uploads\/2021\/06\/Marquart-Heidemann-683x1024.jpg 683w, https:\/\/vet-heidemann.de\/wp-content\/uploads\/2021\/06\/Marquart-Heidemann-200x300.jpg 200w, https:\/\/vet-heidemann.de\/wp-content\/uploads\/2021\/06\/Marquart-Heidemann-768x1152.jpg 768w, https:\/\/vet-heidemann.de\/wp-content\/uploads\/2021\/06\/Marquart-Heidemann-1024x1536.jpg 1024w, https:\/\/vet-heidemann.de\/wp-content\/uploads\/2021\/06\/Marquart-Heidemann-1365x2048.jpg 1365w, https:\/\/vet-heidemann.de\/wp-content\/uploads\/2021\/06\/Marquart-Heidemann-40x60.jpg 40w, https:\/\/vet-heidemann.de\/wp-content\/uploads\/2021\/06\/Marquart-Heidemann.jpg 1500w\" sizes=\"auto, (max-width: 683px) 100vw, 683px\" \/><\/figure><\/div>\n\n\n\n<p><\/p>\n","protected":false},"excerpt":{"rendered":"<p>in der Tierarztpraxis Heidemann!In den gro\u00dfz\u00fcgigen Praxisr\u00e4umen in Ormont k\u00fcmmere ich mich nach individueller Terminvereinbarung gerne um Ihre vierbeinigen Lieblinge. Neben der allgemeinen Kleintiersprechstunde bin ich Ihr Ansprechpartner f\u00fcr Kastration und Sterilisation, Zahnsteinbehandlung, Check-up im eigenen Labor sowie Spezialuntersuchungen in Zusammenarbeit mit externen Spezialisten.\u00a0Au\u00dferdem berate ich Sie zu gerne allen Themen rund ums Impfen und [&hellip;]<\/p>\n","protected":false},"author":1,"featured_media":0,"parent":0,"menu_order":0,"comment_status":"closed","ping_status":"open","template":"","meta":{"footnotes":""},"class_list":["post-2","page","type-page","status-publish","hentry"],"_links":{"self":[{"href":"https:\/\/vet-heidemann.de\/index.php?rest_route=\/wp\/v2\/pages\/2","targetHints":{"allow":["GET"]}}],"collection":[{"href":"https:\/\/vet-heidemann.de\/index.php?rest_route=\/wp\/v2\/pages"}],"about":[{"href":"https:\/\/vet-heidemann.de\/index.php?rest_route=\/wp\/v2\/types\/page"}],"author":[{"embeddable":true,"href":"https:\/\/vet-heidemann.de\/index.php?rest_route=\/wp\/v2\/users\/1"}],"replies":[{"embeddable":true,"href":"https:\/\/vet-heidemann.de\/index.php?rest_route=%2Fwp%2Fv2%2Fcomments&post=2"}],"version-history":[{"count":13,"href":"https:\/\/vet-heidemann.de\/index.php?rest_route=\/wp\/v2\/pages\/2\/revisions"}],"predecessor-version":[{"id":698,"href":"https:\/\/vet-heidemann.de\/index.php?rest_route=\/wp\/v2\/pages\/2\/revisions\/698"}],"wp:attachment":[{"href":"https:\/\/vet-heidemann.de\/index.php?rest_route=%2Fwp%2Fv2%2Fmedia&parent=2"}],"curies":[{"name":"wp","href":"https:\/\/api.w.org\/{rel}","templated":true}]}}