{"id":54,"date":"2020-03-10T11:15:45","date_gmt":"2020-03-10T11:15:45","guid":{"rendered":"http:\/\/vet-heidemann.de.egger-egger.de\/?page_id=54"},"modified":"2024-01-19T06:39:18","modified_gmt":"2024-01-19T06:39:18","slug":"leistungen-kleintiere","status":"publish","type":"page","link":"https:\/\/vet-heidemann.de\/?page_id=54","title":{"rendered":"Kleintiere"},"content":{"rendered":"\n<div class=\"wp-block-group\"><div class=\"wp-block-group__inner-container is-layout-flow wp-block-group-is-layout-flow\">\n<h2 class=\"wp-block-heading has-luminous-vivid-amber-color has-text-color\"><strong>Zeitgem\u00e4\u00dfe (+Selektive) Entwurmung<\/strong><\/h2>\n<\/div><\/div>\n\n\n\n<p><span style=\"background-color:rgba(0, 0, 0, 0)\" class=\"has-inline-color has-very-dark-gray-color\"><strong>W\u00fcrmer &amp; Co.: Diagnostik vor Behandlung<\/strong><br><\/span>Nicht immer ist der Wurm drin: Auch bei Hund und Katze belasten routinem\u00e4\u00dfige Wurmkuren die Gesundheit Ihres Tieres; sind h\u00e4ufig \u00fcberfl\u00fcssig und f\u00fchren m\u00f6glicherweise sogar zu resistenten Parasiten.<br>Deswegen setze ich immer eine <strong>individuelle Beratung und Diagnostik<\/strong> vor die Behandlung, die dann h\u00e4ufig gar nicht mehr notwendig ist &#8211; n\u00e4mlich wenn Ihr Tier gar keine Parasiten hat!<\/p>\n\n\n\n<h2 class=\"wp-block-heading has-luminous-vivid-amber-color has-text-color\"><strong>Impfen nach Plan<\/strong><\/h2>\n\n\n\n<p><span style=\"background-color:rgba(0, 0, 0, 0)\" class=\"has-inline-color has-very-dark-gray-color\"><strong>Einmal durchimpfen bitte? Nein!<\/strong><br><\/span>Impfen sch\u00fctzt Ihr Tier. Aber nur, wenn es sinnvoll und individuell geplant und konsequent durchgef\u00fchrt wird. Sporadische Impfungen, keine ausreichende oder schlechte Grundimmunisierungen kann man sich komplett sparen.<br>Was f\u00fcr Ihr Tier Sinn macht kl\u00e4ren wir in einem <strong>pers\u00f6nlichen Gespr\u00e4ch<\/strong>. Und mit unserem <strong>Erinnerungsservice<\/strong> vergessen Sie auch zuk\u00fcnftig keine Impfung mehr!<\/p>\n\n\n\n<h2 class=\"wp-block-heading has-luminous-vivid-orange-color has-text-color\"><strong><span class=\"has-inline-color has-luminous-vivid-amber-color\">Tier\u00e4rztliche Rundum Betreuung<\/span><\/strong><\/h2>\n\n\n\n<p>Nat\u00fcrlich stehe ich Ihnen bei allen Fragen rund um Ihr Tier beratend und behandelnd zur Seite:<\/p>\n\n\n\n<ul class=\"wp-block-list\">\n<li>Allgemeine Kleintiersprechstunde<\/li>\n\n\n\n<li>Blutbild, klinische Chemie und spezielle Diagnostik im eigenen Labor<\/li>\n\n\n\n<li>chirurgische Eingriffe<\/li>\n\n\n\n<li>Zahnsteinentfernung mit Ultraschall<\/li>\n\n\n\n<li>Kastration und Sterilisation<\/li>\n<\/ul>\n\n\n\n<p><mark style=\"background-color:rgba(0, 0, 0, 0)\" class=\"has-inline-color has-white-color\">.<\/mark><\/p>\n\n\n\n<figure class=\"wp-block-gallery has-nested-images columns-default is-cropped wp-block-gallery-1 is-layout-flex wp-block-gallery-is-layout-flex\">\n<figure class=\"wp-block-image size-full\"><img loading=\"lazy\" decoding=\"async\" width=\"1400\" height=\"934\" data-id=\"373\" src=\"https:\/\/vet-heidemann.de\/wp-content\/uploads\/2020\/05\/Banner_vet-heidemann_9.jpg\" alt=\"\" class=\"wp-image-373\" srcset=\"https:\/\/vet-heidemann.de\/wp-content\/uploads\/2020\/05\/Banner_vet-heidemann_9.jpg 1400w, https:\/\/vet-heidemann.de\/wp-content\/uploads\/2020\/05\/Banner_vet-heidemann_9-300x200.jpg 300w, https:\/\/vet-heidemann.de\/wp-content\/uploads\/2020\/05\/Banner_vet-heidemann_9-1024x683.jpg 1024w, https:\/\/vet-heidemann.de\/wp-content\/uploads\/2020\/05\/Banner_vet-heidemann_9-768x512.jpg 768w, https:\/\/vet-heidemann.de\/wp-content\/uploads\/2020\/05\/Banner_vet-heidemann_9-90x60.jpg 90w, https:\/\/vet-heidemann.de\/wp-content\/uploads\/2020\/05\/Banner_vet-heidemann_9-370x247.jpg 370w, https:\/\/vet-heidemann.de\/wp-content\/uploads\/2020\/05\/Banner_vet-heidemann_9-776x517.jpg 776w\" sizes=\"auto, (max-width: 1400px) 100vw, 1400px\" \/><figcaption class=\"wp-element-caption\">Jacksy, Lola &amp; Fupo<\/figcaption><\/figure>\n\n\n\n<figure class=\"wp-block-image size-full\"><img loading=\"lazy\" decoding=\"async\" width=\"1000\" height=\"1333\" data-id=\"265\" src=\"https:\/\/vet-heidemann.de\/wp-content\/uploads\/2020\/05\/Tierarztpraxis-Heidemann_1-1.jpg\" alt=\"\" class=\"wp-image-265\" srcset=\"https:\/\/vet-heidemann.de\/wp-content\/uploads\/2020\/05\/Tierarztpraxis-Heidemann_1-1.jpg 1000w, https:\/\/vet-heidemann.de\/wp-content\/uploads\/2020\/05\/Tierarztpraxis-Heidemann_1-1-225x300.jpg 225w, https:\/\/vet-heidemann.de\/wp-content\/uploads\/2020\/05\/Tierarztpraxis-Heidemann_1-1-768x1024.jpg 768w, https:\/\/vet-heidemann.de\/wp-content\/uploads\/2020\/05\/Tierarztpraxis-Heidemann_1-1-45x60.jpg 45w, https:\/\/vet-heidemann.de\/wp-content\/uploads\/2020\/05\/Tierarztpraxis-Heidemann_1-1-500x667.jpg 500w\" sizes=\"auto, (max-width: 1000px) 100vw, 1000px\" \/><figcaption class=\"wp-element-caption\">Mietzi<\/figcaption><\/figure>\n\n\n\n<figure class=\"wp-block-image size-full\"><img loading=\"lazy\" decoding=\"async\" width=\"1000\" height=\"1333\" data-id=\"277\" src=\"https:\/\/vet-heidemann.de\/wp-content\/uploads\/2020\/05\/Tierarztpraxis-Heidemann_14-1.jpg\" alt=\"\" class=\"wp-image-277\" srcset=\"https:\/\/vet-heidemann.de\/wp-content\/uploads\/2020\/05\/Tierarztpraxis-Heidemann_14-1.jpg 1000w, https:\/\/vet-heidemann.de\/wp-content\/uploads\/2020\/05\/Tierarztpraxis-Heidemann_14-1-225x300.jpg 225w, https:\/\/vet-heidemann.de\/wp-content\/uploads\/2020\/05\/Tierarztpraxis-Heidemann_14-1-768x1024.jpg 768w, https:\/\/vet-heidemann.de\/wp-content\/uploads\/2020\/05\/Tierarztpraxis-Heidemann_14-1-45x60.jpg 45w, https:\/\/vet-heidemann.de\/wp-content\/uploads\/2020\/05\/Tierarztpraxis-Heidemann_14-1-500x667.jpg 500w\" sizes=\"auto, (max-width: 1000px) 100vw, 1000px\" \/><figcaption class=\"wp-element-caption\">Emmi<\/figcaption><\/figure>\n\n\n\n<figure class=\"wp-block-image size-full\"><img loading=\"lazy\" decoding=\"async\" width=\"1000\" height=\"750\" data-id=\"273\" src=\"https:\/\/vet-heidemann.de\/wp-content\/uploads\/2020\/05\/Tierarztpraxis-Heidemann_8-1.jpg\" alt=\"\" class=\"wp-image-273\" srcset=\"https:\/\/vet-heidemann.de\/wp-content\/uploads\/2020\/05\/Tierarztpraxis-Heidemann_8-1.jpg 1000w, https:\/\/vet-heidemann.de\/wp-content\/uploads\/2020\/05\/Tierarztpraxis-Heidemann_8-1-300x225.jpg 300w, https:\/\/vet-heidemann.de\/wp-content\/uploads\/2020\/05\/Tierarztpraxis-Heidemann_8-1-768x576.jpg 768w, https:\/\/vet-heidemann.de\/wp-content\/uploads\/2020\/05\/Tierarztpraxis-Heidemann_8-1-80x60.jpg 80w, https:\/\/vet-heidemann.de\/wp-content\/uploads\/2020\/05\/Tierarztpraxis-Heidemann_8-1-640x480.jpg 640w, https:\/\/vet-heidemann.de\/wp-content\/uploads\/2020\/05\/Tierarztpraxis-Heidemann_8-1-110x83.jpg 110w\" sizes=\"auto, (max-width: 1000px) 100vw, 1000px\" \/><figcaption class=\"wp-element-caption\">Bubica &amp; Rotzo<\/figcaption><\/figure>\n\n\n\n<figure class=\"wp-block-image size-full\"><img loading=\"lazy\" decoding=\"async\" width=\"1000\" height=\"1333\" data-id=\"272\" src=\"https:\/\/vet-heidemann.de\/wp-content\/uploads\/2020\/05\/Tierarztpraxis-Heidemann_7-1.jpg\" alt=\"\" class=\"wp-image-272\" srcset=\"https:\/\/vet-heidemann.de\/wp-content\/uploads\/2020\/05\/Tierarztpraxis-Heidemann_7-1.jpg 1000w, https:\/\/vet-heidemann.de\/wp-content\/uploads\/2020\/05\/Tierarztpraxis-Heidemann_7-1-225x300.jpg 225w, https:\/\/vet-heidemann.de\/wp-content\/uploads\/2020\/05\/Tierarztpraxis-Heidemann_7-1-768x1024.jpg 768w, https:\/\/vet-heidemann.de\/wp-content\/uploads\/2020\/05\/Tierarztpraxis-Heidemann_7-1-45x60.jpg 45w, https:\/\/vet-heidemann.de\/wp-content\/uploads\/2020\/05\/Tierarztpraxis-Heidemann_7-1-500x667.jpg 500w\" sizes=\"auto, (max-width: 1000px) 100vw, 1000px\" \/><figcaption class=\"wp-element-caption\">H\u00fchner<\/figcaption><\/figure>\n\n\n\n<figure class=\"wp-block-image size-full\"><img loading=\"lazy\" decoding=\"async\" width=\"1000\" height=\"1333\" data-id=\"261\" src=\"https:\/\/vet-heidemann.de\/wp-content\/uploads\/2020\/05\/Tierarztpraxis-Heidemann_18.jpg\" alt=\"\" class=\"wp-image-261\" srcset=\"https:\/\/vet-heidemann.de\/wp-content\/uploads\/2020\/05\/Tierarztpraxis-Heidemann_18.jpg 1000w, https:\/\/vet-heidemann.de\/wp-content\/uploads\/2020\/05\/Tierarztpraxis-Heidemann_18-225x300.jpg 225w, https:\/\/vet-heidemann.de\/wp-content\/uploads\/2020\/05\/Tierarztpraxis-Heidemann_18-768x1024.jpg 768w, https:\/\/vet-heidemann.de\/wp-content\/uploads\/2020\/05\/Tierarztpraxis-Heidemann_18-45x60.jpg 45w\" sizes=\"auto, (max-width: 1000px) 100vw, 1000px\" \/><figcaption class=\"wp-element-caption\">und alle anderen<\/figcaption><\/figure>\n<\/figure>\n","protected":false},"excerpt":{"rendered":"<p>Zeitgem\u00e4\u00dfe (+Selektive) Entwurmung W\u00fcrmer &amp; Co.: Diagnostik vor BehandlungNicht immer ist der Wurm drin: Auch bei Hund und Katze belasten routinem\u00e4\u00dfige Wurmkuren die Gesundheit Ihres Tieres; sind h\u00e4ufig \u00fcberfl\u00fcssig und f\u00fchren m\u00f6glicherweise sogar zu resistenten Parasiten.Deswegen setze ich immer eine individuelle Beratung und Diagnostik vor die Behandlung, die dann h\u00e4ufig gar nicht mehr notwendig ist [&hellip;]<\/p>\n","protected":false},"author":1,"featured_media":0,"parent":0,"menu_order":0,"comment_status":"closed","ping_status":"closed","template":"","meta":{"footnotes":""},"class_list":["post-54","page","type-page","status-publish","hentry"],"_links":{"self":[{"href":"https:\/\/vet-heidemann.de\/index.php?rest_route=\/wp\/v2\/pages\/54","targetHints":{"allow":["GET"]}}],"collection":[{"href":"https:\/\/vet-heidemann.de\/index.php?rest_route=\/wp\/v2\/pages"}],"about":[{"href":"https:\/\/vet-heidemann.de\/index.php?rest_route=\/wp\/v2\/types\/page"}],"author":[{"embeddable":true,"href":"https:\/\/vet-heidemann.de\/index.php?rest_route=\/wp\/v2\/users\/1"}],"replies":[{"embeddable":true,"href":"https:\/\/vet-heidemann.de\/index.php?rest_route=%2Fwp%2Fv2%2Fcomments&post=54"}],"version-history":[{"count":25,"href":"https:\/\/vet-heidemann.de\/index.php?rest_route=\/wp\/v2\/pages\/54\/revisions"}],"predecessor-version":[{"id":670,"href":"https:\/\/vet-heidemann.de\/index.php?rest_route=\/wp\/v2\/pages\/54\/revisions\/670"}],"wp:attachment":[{"href":"https:\/\/vet-heidemann.de\/index.php?rest_route=%2Fwp%2Fv2%2Fmedia&parent=54"}],"curies":[{"name":"wp","href":"https:\/\/api.w.org\/{rel}","templated":true}]}}