{"id":595,"date":"2021-06-16T05:46:12","date_gmt":"2021-06-16T05:46:12","guid":{"rendered":"https:\/\/vet-heidemann.de\/?page_id=595"},"modified":"2024-01-19T07:02:21","modified_gmt":"2024-01-19T07:02:21","slug":"ueber-uns","status":"publish","type":"page","link":"https:\/\/vet-heidemann.de\/?page_id=595","title":{"rendered":"\u00dcber mich"},"content":{"rendered":"\n<p><strong>Marquart Heidemann, Praktischer Tierarzt<\/strong><\/p>\n\n\n<div class=\"wp-block-image is-resized is-style-default\">\n<figure class=\"alignright size-large\"><img loading=\"lazy\" decoding=\"async\" width=\"683\" height=\"1024\" src=\"https:\/\/vet-heidemann.de\/wp-content\/uploads\/2021\/06\/Marquart-Heidemann-683x1024.jpg\" alt=\"Marquart Heidemann\" class=\"wp-image-586\" style=\"width:441px;height:auto\" srcset=\"https:\/\/vet-heidemann.de\/wp-content\/uploads\/2021\/06\/Marquart-Heidemann-683x1024.jpg 683w, https:\/\/vet-heidemann.de\/wp-content\/uploads\/2021\/06\/Marquart-Heidemann-200x300.jpg 200w, https:\/\/vet-heidemann.de\/wp-content\/uploads\/2021\/06\/Marquart-Heidemann-768x1152.jpg 768w, https:\/\/vet-heidemann.de\/wp-content\/uploads\/2021\/06\/Marquart-Heidemann-1024x1536.jpg 1024w, https:\/\/vet-heidemann.de\/wp-content\/uploads\/2021\/06\/Marquart-Heidemann-1365x2048.jpg 1365w, https:\/\/vet-heidemann.de\/wp-content\/uploads\/2021\/06\/Marquart-Heidemann-40x60.jpg 40w, https:\/\/vet-heidemann.de\/wp-content\/uploads\/2021\/06\/Marquart-Heidemann.jpg 1500w\" sizes=\"auto, (max-width: 683px) 100vw, 683px\" \/><\/figure><\/div>\n\n\n<p>2006 habe ich mein Studium zum Tierarzt abgeschlossen und arbeitete seitdem als amtlicher und praktischer Tierarzt f\u00fcr Gro\u00df- und Kleintiere in verschiedenen Praxen in Deutschland und Luxemburg. 2020 habe ich mich endlich mit einer eigenen Praxis in Ormont\/Eifel selbst\u00e4ndig gemacht.<br><br>Ich lebe mit meiner Frau, meinen beiden Kindern, unseren Katzen, Ziegen, H\u00fchnern und Pferden auf einem kleinen Bauernhof in Ormont. Tiere geh\u00f6ren schon immer zu unserem Leben, daher hat auch der Tierschutz einen Platz darin: gemeinsam mit unseren Kindern f\u00fcttern wir unsere einheimischen V\u00f6gel, bauen Insektenhotels, legen unseren naturnahen Garten an und nehmen auch, zusammen mit unserem kleinen Netzwerk an Pflegestellen, immer mal wieder Wildtiere in Betreuung, die verunfallt oder verwaist sind.<\/p>\n\n\n\n<h4 class=\"wp-block-heading has-text-align-left\">Impressionen aus unserem Leben mit Tieren<\/h4>\n\n\n\n<figure class=\"wp-block-gallery has-nested-images columns-default is-cropped wp-block-gallery-1 is-layout-flex wp-block-gallery-is-layout-flex\">\n<figure class=\"wp-block-image size-large\"><img loading=\"lazy\" decoding=\"async\" width=\"768\" height=\"1024\" data-id=\"276\" src=\"https:\/\/vet-heidemann.de\/wp-content\/uploads\/2020\/05\/Tierarztpraxis-Heidemann_13-1-768x1024.jpg\" alt=\"\" class=\"wp-image-276\" srcset=\"https:\/\/vet-heidemann.de\/wp-content\/uploads\/2020\/05\/Tierarztpraxis-Heidemann_13-1-768x1024.jpg 768w, https:\/\/vet-heidemann.de\/wp-content\/uploads\/2020\/05\/Tierarztpraxis-Heidemann_13-1-225x300.jpg 225w, https:\/\/vet-heidemann.de\/wp-content\/uploads\/2020\/05\/Tierarztpraxis-Heidemann_13-1-45x60.jpg 45w, https:\/\/vet-heidemann.de\/wp-content\/uploads\/2020\/05\/Tierarztpraxis-Heidemann_13-1-500x667.jpg 500w, https:\/\/vet-heidemann.de\/wp-content\/uploads\/2020\/05\/Tierarztpraxis-Heidemann_13-1.jpg 1000w\" sizes=\"auto, (max-width: 768px) 100vw, 768px\" \/><\/figure>\n\n\n\n<figure class=\"wp-block-image size-large\"><img loading=\"lazy\" decoding=\"async\" width=\"768\" height=\"1024\" data-id=\"277\" src=\"https:\/\/vet-heidemann.de\/wp-content\/uploads\/2020\/05\/Tierarztpraxis-Heidemann_14-1-768x1024.jpg\" alt=\"\" class=\"wp-image-277\" srcset=\"https:\/\/vet-heidemann.de\/wp-content\/uploads\/2020\/05\/Tierarztpraxis-Heidemann_14-1-768x1024.jpg 768w, https:\/\/vet-heidemann.de\/wp-content\/uploads\/2020\/05\/Tierarztpraxis-Heidemann_14-1-225x300.jpg 225w, https:\/\/vet-heidemann.de\/wp-content\/uploads\/2020\/05\/Tierarztpraxis-Heidemann_14-1-45x60.jpg 45w, https:\/\/vet-heidemann.de\/wp-content\/uploads\/2020\/05\/Tierarztpraxis-Heidemann_14-1-500x667.jpg 500w, https:\/\/vet-heidemann.de\/wp-content\/uploads\/2020\/05\/Tierarztpraxis-Heidemann_14-1.jpg 1000w\" sizes=\"auto, (max-width: 768px) 100vw, 768px\" \/><\/figure>\n\n\n\n<figure class=\"wp-block-image size-large\"><img loading=\"lazy\" decoding=\"async\" width=\"768\" height=\"1024\" data-id=\"269\" src=\"https:\/\/vet-heidemann.de\/wp-content\/uploads\/2020\/05\/Tierarztpraxis-Heidemann_4-1-768x1024.jpg\" alt=\"\" class=\"wp-image-269\" srcset=\"https:\/\/vet-heidemann.de\/wp-content\/uploads\/2020\/05\/Tierarztpraxis-Heidemann_4-1-768x1024.jpg 768w, https:\/\/vet-heidemann.de\/wp-content\/uploads\/2020\/05\/Tierarztpraxis-Heidemann_4-1-225x300.jpg 225w, https:\/\/vet-heidemann.de\/wp-content\/uploads\/2020\/05\/Tierarztpraxis-Heidemann_4-1-45x60.jpg 45w, https:\/\/vet-heidemann.de\/wp-content\/uploads\/2020\/05\/Tierarztpraxis-Heidemann_4-1-500x667.jpg 500w, https:\/\/vet-heidemann.de\/wp-content\/uploads\/2020\/05\/Tierarztpraxis-Heidemann_4-1.jpg 1000w\" sizes=\"auto, (max-width: 768px) 100vw, 768px\" \/><\/figure>\n\n\n\n<figure class=\"wp-block-image size-large\"><img loading=\"lazy\" decoding=\"async\" width=\"768\" height=\"1024\" data-id=\"261\" src=\"https:\/\/vet-heidemann.de\/wp-content\/uploads\/2020\/05\/Tierarztpraxis-Heidemann_18-768x1024.jpg\" alt=\"\" class=\"wp-image-261\" srcset=\"https:\/\/vet-heidemann.de\/wp-content\/uploads\/2020\/05\/Tierarztpraxis-Heidemann_18-768x1024.jpg 768w, https:\/\/vet-heidemann.de\/wp-content\/uploads\/2020\/05\/Tierarztpraxis-Heidemann_18-225x300.jpg 225w, https:\/\/vet-heidemann.de\/wp-content\/uploads\/2020\/05\/Tierarztpraxis-Heidemann_18-45x60.jpg 45w, https:\/\/vet-heidemann.de\/wp-content\/uploads\/2020\/05\/Tierarztpraxis-Heidemann_18.jpg 1000w\" sizes=\"auto, (max-width: 768px) 100vw, 768px\" \/><\/figure>\n\n\n\n<figure class=\"wp-block-image size-large\"><img loading=\"lazy\" decoding=\"async\" width=\"768\" height=\"1024\" data-id=\"265\" src=\"https:\/\/vet-heidemann.de\/wp-content\/uploads\/2020\/05\/Tierarztpraxis-Heidemann_1-1-768x1024.jpg\" alt=\"\" class=\"wp-image-265\" srcset=\"https:\/\/vet-heidemann.de\/wp-content\/uploads\/2020\/05\/Tierarztpraxis-Heidemann_1-1-768x1024.jpg 768w, https:\/\/vet-heidemann.de\/wp-content\/uploads\/2020\/05\/Tierarztpraxis-Heidemann_1-1-225x300.jpg 225w, https:\/\/vet-heidemann.de\/wp-content\/uploads\/2020\/05\/Tierarztpraxis-Heidemann_1-1-45x60.jpg 45w, https:\/\/vet-heidemann.de\/wp-content\/uploads\/2020\/05\/Tierarztpraxis-Heidemann_1-1-500x667.jpg 500w, https:\/\/vet-heidemann.de\/wp-content\/uploads\/2020\/05\/Tierarztpraxis-Heidemann_1-1.jpg 1000w\" sizes=\"auto, (max-width: 768px) 100vw, 768px\" \/><\/figure>\n\n\n\n<figure class=\"wp-block-image size-large\"><img loading=\"lazy\" decoding=\"async\" width=\"768\" height=\"1024\" data-id=\"254\" src=\"https:\/\/vet-heidemann.de\/wp-content\/uploads\/2020\/05\/Tierarztpraxis-Heidemann_12-768x1024.jpg\" alt=\"\" class=\"wp-image-254\" srcset=\"https:\/\/vet-heidemann.de\/wp-content\/uploads\/2020\/05\/Tierarztpraxis-Heidemann_12-768x1024.jpg 768w, https:\/\/vet-heidemann.de\/wp-content\/uploads\/2020\/05\/Tierarztpraxis-Heidemann_12-225x300.jpg 225w, https:\/\/vet-heidemann.de\/wp-content\/uploads\/2020\/05\/Tierarztpraxis-Heidemann_12-45x60.jpg 45w, https:\/\/vet-heidemann.de\/wp-content\/uploads\/2020\/05\/Tierarztpraxis-Heidemann_12.jpg 1000w\" sizes=\"auto, (max-width: 768px) 100vw, 768px\" \/><\/figure>\n\n\n\n<figure class=\"wp-block-image size-large\"><img loading=\"lazy\" decoding=\"async\" width=\"768\" height=\"1024\" data-id=\"251\" src=\"https:\/\/vet-heidemann.de\/wp-content\/uploads\/2020\/05\/Tierarztpraxis-Heidemann_7-768x1024.jpg\" alt=\"\" class=\"wp-image-251\" srcset=\"https:\/\/vet-heidemann.de\/wp-content\/uploads\/2020\/05\/Tierarztpraxis-Heidemann_7-768x1024.jpg 768w, https:\/\/vet-heidemann.de\/wp-content\/uploads\/2020\/05\/Tierarztpraxis-Heidemann_7-225x300.jpg 225w, https:\/\/vet-heidemann.de\/wp-content\/uploads\/2020\/05\/Tierarztpraxis-Heidemann_7-45x60.jpg 45w, https:\/\/vet-heidemann.de\/wp-content\/uploads\/2020\/05\/Tierarztpraxis-Heidemann_7.jpg 1000w\" sizes=\"auto, (max-width: 768px) 100vw, 768px\" \/><\/figure>\n\n\n\n<figure class=\"wp-block-image size-large\"><img loading=\"lazy\" decoding=\"async\" width=\"768\" height=\"1024\" data-id=\"245\" src=\"https:\/\/vet-heidemann.de\/wp-content\/uploads\/2020\/05\/IMG_7408-768x1024.jpg\" alt=\"\" class=\"wp-image-245\" srcset=\"https:\/\/vet-heidemann.de\/wp-content\/uploads\/2020\/05\/IMG_7408-768x1024.jpg 768w, https:\/\/vet-heidemann.de\/wp-content\/uploads\/2020\/05\/IMG_7408-225x300.jpg 225w, https:\/\/vet-heidemann.de\/wp-content\/uploads\/2020\/05\/IMG_7408-45x60.jpg 45w, https:\/\/vet-heidemann.de\/wp-content\/uploads\/2020\/05\/IMG_7408.jpg 1000w\" sizes=\"auto, (max-width: 768px) 100vw, 768px\" \/><\/figure>\n\n\n\n<figure class=\"wp-block-image size-large\"><img loading=\"lazy\" decoding=\"async\" width=\"822\" height=\"1024\" data-id=\"249\" src=\"https:\/\/vet-heidemann.de\/wp-content\/uploads\/2020\/05\/Tierarztpraxis-Heidemann_5-822x1024.jpg\" alt=\"\" class=\"wp-image-249\" srcset=\"https:\/\/vet-heidemann.de\/wp-content\/uploads\/2020\/05\/Tierarztpraxis-Heidemann_5-822x1024.jpg 822w, https:\/\/vet-heidemann.de\/wp-content\/uploads\/2020\/05\/Tierarztpraxis-Heidemann_5-241x300.jpg 241w, https:\/\/vet-heidemann.de\/wp-content\/uploads\/2020\/05\/Tierarztpraxis-Heidemann_5-768x957.jpg 768w, https:\/\/vet-heidemann.de\/wp-content\/uploads\/2020\/05\/Tierarztpraxis-Heidemann_5-48x60.jpg 48w, https:\/\/vet-heidemann.de\/wp-content\/uploads\/2020\/05\/Tierarztpraxis-Heidemann_5.jpg 1000w\" sizes=\"auto, (max-width: 822px) 100vw, 822px\" \/><\/figure>\n\n\n\n<figure class=\"wp-block-image size-large\"><img loading=\"lazy\" decoding=\"async\" width=\"768\" height=\"1024\" data-id=\"247\" src=\"https:\/\/vet-heidemann.de\/wp-content\/uploads\/2020\/05\/Tierarztpraxis-Heidemann_3-768x1024.jpg\" alt=\"\" class=\"wp-image-247\" srcset=\"https:\/\/vet-heidemann.de\/wp-content\/uploads\/2020\/05\/Tierarztpraxis-Heidemann_3-768x1024.jpg 768w, https:\/\/vet-heidemann.de\/wp-content\/uploads\/2020\/05\/Tierarztpraxis-Heidemann_3-225x300.jpg 225w, https:\/\/vet-heidemann.de\/wp-content\/uploads\/2020\/05\/Tierarztpraxis-Heidemann_3-45x60.jpg 45w, https:\/\/vet-heidemann.de\/wp-content\/uploads\/2020\/05\/Tierarztpraxis-Heidemann_3.jpg 1000w\" sizes=\"auto, (max-width: 768px) 100vw, 768px\" \/><\/figure>\n\n\n\n<figure class=\"wp-block-image size-large\"><img loading=\"lazy\" decoding=\"async\" width=\"1024\" height=\"768\" data-id=\"315\" src=\"https:\/\/vet-heidemann.de\/wp-content\/uploads\/2020\/05\/Sara-Heidemann-1024x768.jpg\" alt=\"\" class=\"wp-image-315\" srcset=\"https:\/\/vet-heidemann.de\/wp-content\/uploads\/2020\/05\/Sara-Heidemann-1024x768.jpg 1024w, https:\/\/vet-heidemann.de\/wp-content\/uploads\/2020\/05\/Sara-Heidemann-300x225.jpg 300w, https:\/\/vet-heidemann.de\/wp-content\/uploads\/2020\/05\/Sara-Heidemann-768x576.jpg 768w, https:\/\/vet-heidemann.de\/wp-content\/uploads\/2020\/05\/Sara-Heidemann-80x60.jpg 80w, https:\/\/vet-heidemann.de\/wp-content\/uploads\/2020\/05\/Sara-Heidemann-640x480.jpg 640w, https:\/\/vet-heidemann.de\/wp-content\/uploads\/2020\/05\/Sara-Heidemann-110x83.jpg 110w, https:\/\/vet-heidemann.de\/wp-content\/uploads\/2020\/05\/Sara-Heidemann.jpg 1200w\" sizes=\"auto, (max-width: 1024px) 100vw, 1024px\" \/><\/figure>\n<\/figure>\n","protected":false},"excerpt":{"rendered":"<p>Marquart Heidemann, Praktischer Tierarzt 2006 habe ich mein Studium zum Tierarzt abgeschlossen und arbeitete seitdem als amtlicher und praktischer Tierarzt f\u00fcr Gro\u00df- und Kleintiere in verschiedenen Praxen in Deutschland und Luxemburg. 2020 habe ich mich endlich mit einer eigenen Praxis in Ormont\/Eifel selbst\u00e4ndig gemacht. Ich lebe mit meiner Frau, meinen beiden Kindern, unseren Katzen, Ziegen, [&hellip;]<\/p>\n","protected":false},"author":1,"featured_media":0,"parent":0,"menu_order":0,"comment_status":"closed","ping_status":"closed","template":"","meta":{"footnotes":""},"class_list":["post-595","page","type-page","status-publish","hentry"],"_links":{"self":[{"href":"https:\/\/vet-heidemann.de\/index.php?rest_route=\/wp\/v2\/pages\/595","targetHints":{"allow":["GET"]}}],"collection":[{"href":"https:\/\/vet-heidemann.de\/index.php?rest_route=\/wp\/v2\/pages"}],"about":[{"href":"https:\/\/vet-heidemann.de\/index.php?rest_route=\/wp\/v2\/types\/page"}],"author":[{"embeddable":true,"href":"https:\/\/vet-heidemann.de\/index.php?rest_route=\/wp\/v2\/users\/1"}],"replies":[{"embeddable":true,"href":"https:\/\/vet-heidemann.de\/index.php?rest_route=%2Fwp%2Fv2%2Fcomments&post=595"}],"version-history":[{"count":16,"href":"https:\/\/vet-heidemann.de\/index.php?rest_route=\/wp\/v2\/pages\/595\/revisions"}],"predecessor-version":[{"id":683,"href":"https:\/\/vet-heidemann.de\/index.php?rest_route=\/wp\/v2\/pages\/595\/revisions\/683"}],"wp:attachment":[{"href":"https:\/\/vet-heidemann.de\/index.php?rest_route=%2Fwp%2Fv2%2Fmedia&parent=595"}],"curies":[{"name":"wp","href":"https:\/\/api.w.org\/{rel}","templated":true}]}}