{"id":626,"date":"2024-01-19T05:18:27","date_gmt":"2024-01-19T05:18:27","guid":{"rendered":"https:\/\/vet-heidemann.de\/?page_id=626"},"modified":"2024-01-19T05:18:28","modified_gmt":"2024-01-19T05:18:28","slug":"impressum-2","status":"publish","type":"page","link":"https:\/\/vet-heidemann.de\/?page_id=626","title":{"rendered":"Impressum"},"content":{"rendered":"\n<p>Tierarzt Marquart Heidemann<br>Ulmenstra\u00dfe 25<br>54597 Ormont<\/p>\n\n\n\n<p>Telefon: 065579799785<br>E-Mail: info@vet-heidemann.de<\/p>\n\n\n\n<p><strong>Aufsichtsbeh\u00f6rde<\/strong>: Bundestier\u00e4rztekammer e.V.<\/p>\n\n\n\n<p><strong>Gesetzliche Berufsbezeichnung:<\/strong> <br>Tierarzt (Approbation erteilt am&#8230; in der Bundesrepublik Deutschland, Justus-Liebig-Universit\u00e4t Universit\u00e4t Gie\u00dfen, Ludwigstra\u00dfe 23, 35390 Gie\u00dfen) <\/p>\n\n\n\n<p><strong>Zust\u00e4ndige Kammer:<\/strong> <br>Landestier\u00e4rztekammer Rheinland Pfalz, Bahnhofstra\u00dfe 6, 66869 Kusel. <a href=\"https:\/\/ltk-rlp.de\">Link<\/a>.<\/p>\n\n\n\n<p><strong>Berufsrechtliche Regelungen:<\/strong><br>Berufsordnung f\u00fcr Tier\u00e4rzte, zu finden auf\u00a0<a href=\"http:\/\/www.bundestieraerztekammer.de\/\" target=\"_blank\" rel=\"noreferrer noopener\">www.bundestieraerztekammer.de<\/a><br>Die berufsrechtlichen Regelungen sind der Berufsordnung der Landestier\u00e4rztekammer RLP zu entnehmen. Die aktuelle GOT (Geb\u00fchrenordnung f\u00fcr Tier\u00e4rzte) finden Sie\u00a0<a href=\"http:\/\/www.tieraerzteverband.de\/bpt\/Tierbesitzer\/got\/index.php\" target=\"_blank\" rel=\"noreferrer noopener\">hier<\/a>. <\/p>\n\n\n\n<p><strong>Berufshaftpflichtversicherung:<\/strong> <br>&#8230;Name Adresse<\/p>\n\n\n\n<p><strong>Verantwortlicher i.S.d. \u00a7 55 Abs. 2 RStV:<\/strong> <br>Marquart Heidemann, Ulmenstra\u00dfe 25, 54597 Ormont<\/p>\n","protected":false},"excerpt":{"rendered":"<p>Tierarzt Marquart HeidemannUlmenstra\u00dfe 2554597 Ormont Telefon: 065579799785E-Mail: info@vet-heidemann.de Aufsichtsbeh\u00f6rde: Bundestier\u00e4rztekammer e.V. Gesetzliche Berufsbezeichnung: Tierarzt (Approbation erteilt am&#8230; in der Bundesrepublik Deutschland, Justus-Liebig-Universit\u00e4t Universit\u00e4t Gie\u00dfen, Ludwigstra\u00dfe 23, 35390 Gie\u00dfen) Zust\u00e4ndige Kammer: Landestier\u00e4rztekammer Rheinland Pfalz, Bahnhofstra\u00dfe 6, 66869 Kusel. Link. Berufsrechtliche Regelungen:Berufsordnung f\u00fcr Tier\u00e4rzte, zu finden auf\u00a0www.bundestieraerztekammer.deDie berufsrechtlichen Regelungen sind der Berufsordnung der Landestier\u00e4rztekammer RLP zu entnehmen. [&hellip;]<\/p>\n","protected":false},"author":1,"featured_media":0,"parent":0,"menu_order":0,"comment_status":"closed","ping_status":"closed","template":"","meta":{"footnotes":""},"class_list":["post-626","page","type-page","status-publish","hentry"],"_links":{"self":[{"href":"https:\/\/vet-heidemann.de\/index.php?rest_route=\/wp\/v2\/pages\/626","targetHints":{"allow":["GET"]}}],"collection":[{"href":"https:\/\/vet-heidemann.de\/index.php?rest_route=\/wp\/v2\/pages"}],"about":[{"href":"https:\/\/vet-heidemann.de\/index.php?rest_route=\/wp\/v2\/types\/page"}],"author":[{"embeddable":true,"href":"https:\/\/vet-heidemann.de\/index.php?rest_route=\/wp\/v2\/users\/1"}],"replies":[{"embeddable":true,"href":"https:\/\/vet-heidemann.de\/index.php?rest_route=%2Fwp%2Fv2%2Fcomments&post=626"}],"version-history":[{"count":1,"href":"https:\/\/vet-heidemann.de\/index.php?rest_route=\/wp\/v2\/pages\/626\/revisions"}],"predecessor-version":[{"id":627,"href":"https:\/\/vet-heidemann.de\/index.php?rest_route=\/wp\/v2\/pages\/626\/revisions\/627"}],"wp:attachment":[{"href":"https:\/\/vet-heidemann.de\/index.php?rest_route=%2Fwp%2Fv2%2Fmedia&parent=626"}],"curies":[{"name":"wp","href":"https:\/\/api.w.org\/{rel}","templated":true}]}}