{"id":69,"date":"2020-03-12T10:48:56","date_gmt":"2020-03-12T10:48:56","guid":{"rendered":"http:\/\/vet-heidemann.de.egger-egger.de\/?page_id=69"},"modified":"2024-01-19T06:39:56","modified_gmt":"2024-01-19T06:39:56","slug":"leistungen-schafe-ziegen-co","status":"publish","type":"page","link":"https:\/\/vet-heidemann.de\/?page_id=69","title":{"rendered":"Schafe, Ziegen &#038; Co."},"content":{"rendered":"\n<h2 class=\"wp-block-heading\"><strong><span class=\"has-inline-color has-luminous-vivid-amber-color\">Entwurmen &amp; Impfen&nbsp;<\/span><\/strong><\/h2>\n\n\n\n<p>Das Konzept der zeitgem\u00e4\u00dfen Entwurmung wurde urspr\u00fcnglich f\u00fcr kleine Wiederk\u00e4uer entwickelt und eignet sich daher  optimal f\u00fcr  Schafe und Ziegen. Auch hier bieten wir Ihnen f\u00fcr Einzeltiere oder Ihren Bestand eine komplette Betreuung an:<\/p>\n\n\n\n<ul class=\"wp-block-list\">\n<li><strong>Ich<\/strong>&nbsp;<strong>berate Sie individuell<\/strong>&nbsp;mit dem Wissen aus aktuellen wissenschaftlichen Erkenntnissen der tiermedizinischen Forschung und bin immer f\u00fcr Ihre Fragen da,<\/li>\n\n\n\n<li><strong>Ich<\/strong>&nbsp;<strong>\u00fcbernehme die komplette Planung, Organisation und Abwicklung&nbsp;<\/strong>eines passenden Konzepts f\u00fcr Sie,<\/li>\n\n\n\n<li>Ich k\u00fcmmere mich um alle Ihre <strong>Termine<\/strong> f\u00fcr Probennahmen, Behandlungen, Monitoring und Impfungen,<\/li>\n\n\n\n<li>Ich habe die&nbsp;<strong>tier\u00e4rztliche Rundumansicht<\/strong>&nbsp;Ihres Betriebes.&nbsp;<br>\u201eViele K\u00f6che verderben den Brei\u201c oder andersherum: wenn \u201ejeder sein eigenes S\u00fcppchen kocht\u201c\u2026 Gerade in einem gr\u00f6\u00dferen Bestand sind f\u00fcr sinnvolle und greifende gesundheitsf\u00f6rdernde Behandlungen Ma\u00dfnahmen auf Bestandsebene notwendig und dazu ist ein \u00dcberblick \u00fcber alle Faktoren Ihres Bestandes und der Tiere wichtig.<\/li>\n\n\n\n<li><strong>Gerade bei den routinem\u00e4\u00dfigen Behandlungen Entwurmen und Impfen ist es f\u00fcr die optimale Wirksamkeit und die Gesundheit des Tieres wichtig, diese beiden zeitlich gut miteinander zu koordinieren.&nbsp;<\/strong><\/li>\n<\/ul>\n\n\n\n<p>Nat\u00fcrlich erfordert die Umstellung Ihrer Entwurmungs- und Impfroutine ein wenig Zeit. Aber auf l\u00e4ngere Sicht erleichtern Sie sich damit die Arbeit, weil Sie das Management daf\u00fcr abgeben k\u00f6nnen.<span style=\"background-color:rgba(0, 0, 0, 0);color:#ffffff\" class=\"has-inline-color\">.<\/span><\/p>\n\n\n\n<h2 class=\"wp-block-heading\"><strong><span class=\"has-inline-color has-luminous-vivid-amber-color\">Allgemeine tier\u00e4rztliche Untersuchungen &amp; Betreuung<\/span><\/strong><\/h2>\n\n\n\n<ul class=\"wp-block-list\">\n<li>Einzeltierbehandlungen<\/li>\n\n\n\n<li>Bestandsuntersuchungen<\/li>\n\n\n\n<li>Impfkampagnen<\/li>\n\n\n\n<li>Klauenpfelge und -behandlung<\/li>\n\n\n\n<li>Geburtshilfe <\/li>\n\n\n\n<li>und vieles mehr<\/li>\n<\/ul>\n\n\n\n<p><mark style=\"background-color:rgba(0, 0, 0, 0)\" class=\"has-inline-color has-white-color\">.<\/mark><\/p>\n\n\n\n<figure class=\"wp-block-gallery has-nested-images columns-default is-cropped wp-block-gallery-1 is-layout-flex wp-block-gallery-is-layout-flex\">\n<figure class=\"wp-block-image size-large\"><img loading=\"lazy\" decoding=\"async\" width=\"1024\" height=\"683\" data-id=\"388\" src=\"https:\/\/vet-heidemann.de\/wp-content\/uploads\/2020\/05\/Banner_vet-heidemann_7-1024x683.jpg\" alt=\"\" class=\"wp-image-388\" srcset=\"https:\/\/vet-heidemann.de\/wp-content\/uploads\/2020\/05\/Banner_vet-heidemann_7-1024x683.jpg 1024w, https:\/\/vet-heidemann.de\/wp-content\/uploads\/2020\/05\/Banner_vet-heidemann_7-300x200.jpg 300w, https:\/\/vet-heidemann.de\/wp-content\/uploads\/2020\/05\/Banner_vet-heidemann_7-768x512.jpg 768w, https:\/\/vet-heidemann.de\/wp-content\/uploads\/2020\/05\/Banner_vet-heidemann_7-90x60.jpg 90w, https:\/\/vet-heidemann.de\/wp-content\/uploads\/2020\/05\/Banner_vet-heidemann_7-370x247.jpg 370w, https:\/\/vet-heidemann.de\/wp-content\/uploads\/2020\/05\/Banner_vet-heidemann_7-776x517.jpg 776w, https:\/\/vet-heidemann.de\/wp-content\/uploads\/2020\/05\/Banner_vet-heidemann_7.jpg 1400w\" sizes=\"auto, (max-width: 1024px) 100vw, 1024px\" \/><\/figure>\n\n\n\n<figure class=\"wp-block-image size-large\"><img loading=\"lazy\" decoding=\"async\" width=\"822\" height=\"1024\" data-id=\"270\" src=\"https:\/\/vet-heidemann.de\/wp-content\/uploads\/2020\/05\/Tierarztpraxis-Heidemann_5-1-822x1024.jpg\" alt=\"\" class=\"wp-image-270\" srcset=\"https:\/\/vet-heidemann.de\/wp-content\/uploads\/2020\/05\/Tierarztpraxis-Heidemann_5-1-822x1024.jpg 822w, https:\/\/vet-heidemann.de\/wp-content\/uploads\/2020\/05\/Tierarztpraxis-Heidemann_5-1-241x300.jpg 241w, https:\/\/vet-heidemann.de\/wp-content\/uploads\/2020\/05\/Tierarztpraxis-Heidemann_5-1-768x957.jpg 768w, https:\/\/vet-heidemann.de\/wp-content\/uploads\/2020\/05\/Tierarztpraxis-Heidemann_5-1-48x60.jpg 48w, https:\/\/vet-heidemann.de\/wp-content\/uploads\/2020\/05\/Tierarztpraxis-Heidemann_5-1.jpg 1000w\" sizes=\"auto, (max-width: 822px) 100vw, 822px\" \/><figcaption class=\"wp-element-caption\">Fritz, Esmo &amp; Schavellko<\/figcaption><\/figure>\n\n\n\n<figure class=\"wp-block-image size-large\"><img loading=\"lazy\" decoding=\"async\" width=\"1024\" height=\"683\" data-id=\"390\" src=\"https:\/\/vet-heidemann.de\/wp-content\/uploads\/2020\/05\/Banner_vet-heidemann_10-1024x683.jpg\" alt=\"\" class=\"wp-image-390\" srcset=\"https:\/\/vet-heidemann.de\/wp-content\/uploads\/2020\/05\/Banner_vet-heidemann_10-1024x683.jpg 1024w, https:\/\/vet-heidemann.de\/wp-content\/uploads\/2020\/05\/Banner_vet-heidemann_10-300x200.jpg 300w, https:\/\/vet-heidemann.de\/wp-content\/uploads\/2020\/05\/Banner_vet-heidemann_10-768x512.jpg 768w, https:\/\/vet-heidemann.de\/wp-content\/uploads\/2020\/05\/Banner_vet-heidemann_10-90x60.jpg 90w, https:\/\/vet-heidemann.de\/wp-content\/uploads\/2020\/05\/Banner_vet-heidemann_10-370x247.jpg 370w, https:\/\/vet-heidemann.de\/wp-content\/uploads\/2020\/05\/Banner_vet-heidemann_10-776x517.jpg 776w, https:\/\/vet-heidemann.de\/wp-content\/uploads\/2020\/05\/Banner_vet-heidemann_10.jpg 1400w\" sizes=\"auto, (max-width: 1024px) 100vw, 1024px\" \/><\/figure>\n<\/figure>\n","protected":false},"excerpt":{"rendered":"<p>Entwurmen &amp; Impfen&nbsp; Das Konzept der zeitgem\u00e4\u00dfen Entwurmung wurde urspr\u00fcnglich f\u00fcr kleine Wiederk\u00e4uer entwickelt und eignet sich daher optimal f\u00fcr Schafe und Ziegen. Auch hier bieten wir Ihnen f\u00fcr Einzeltiere oder Ihren Bestand eine komplette Betreuung an: Nat\u00fcrlich erfordert die Umstellung Ihrer Entwurmungs- und Impfroutine ein wenig Zeit. Aber auf l\u00e4ngere Sicht erleichtern Sie sich [&hellip;]<\/p>\n","protected":false},"author":1,"featured_media":0,"parent":0,"menu_order":0,"comment_status":"closed","ping_status":"closed","template":"","meta":{"footnotes":""},"class_list":["post-69","page","type-page","status-publish","hentry"],"_links":{"self":[{"href":"https:\/\/vet-heidemann.de\/index.php?rest_route=\/wp\/v2\/pages\/69","targetHints":{"allow":["GET"]}}],"collection":[{"href":"https:\/\/vet-heidemann.de\/index.php?rest_route=\/wp\/v2\/pages"}],"about":[{"href":"https:\/\/vet-heidemann.de\/index.php?rest_route=\/wp\/v2\/types\/page"}],"author":[{"embeddable":true,"href":"https:\/\/vet-heidemann.de\/index.php?rest_route=\/wp\/v2\/users\/1"}],"replies":[{"embeddable":true,"href":"https:\/\/vet-heidemann.de\/index.php?rest_route=%2Fwp%2Fv2%2Fcomments&post=69"}],"version-history":[{"count":18,"href":"https:\/\/vet-heidemann.de\/index.php?rest_route=\/wp\/v2\/pages\/69\/revisions"}],"predecessor-version":[{"id":671,"href":"https:\/\/vet-heidemann.de\/index.php?rest_route=\/wp\/v2\/pages\/69\/revisions\/671"}],"wp:attachment":[{"href":"https:\/\/vet-heidemann.de\/index.php?rest_route=%2Fwp%2Fv2%2Fmedia&parent=69"}],"curies":[{"name":"wp","href":"https:\/\/api.w.org\/{rel}","templated":true}]}}